{"id":8000,"date":"2022-08-23T11:52:00","date_gmt":"2022-08-23T09:52:00","guid":{"rendered":"https:\/\/www.inpro.de\/?page_id=8000"},"modified":"2023-05-17T20:02:42","modified_gmt":"2023-05-17T18:02:42","slug":"impressum","status":"publish","type":"page","link":"https:\/\/www.inpro.de\/en\/impressum\/","title":{"rendered":"Impressum"},"content":{"rendered":"<div class=\"fusion-fullwidth fullwidth-box fusion-builder-row-1 fusion-flex-container has-pattern-background has-mask-background nonhundred-percent-fullwidth non-hundred-percent-height-scrolling\" style=\"--awb-border-radius-top-left:0px;--awb-border-radius-top-right:0px;--awb-border-radius-bottom-right:0px;--awb-border-radius-bottom-left:0px;\" ><div class=\"fusion-builder-row fusion-row fusion-flex-align-items-flex-start\" style=\"max-width:1248px;margin-left: calc(-4% \/ 2 );margin-right: calc(-4% \/ 2 );\"><div class=\"fusion-layout-column fusion_builder_column fusion-builder-column-0 fusion_builder_column_3_4 3_4 fusion-flex-column\" style=\"--awb-bg-size:cover;--awb-width-large:75%;--awb-margin-top-large:0px;--awb-spacing-right-large:2.56%;--awb-margin-bottom-large:20px;--awb-spacing-left-large:2.56%;--awb-width-medium:75%;--awb-order-medium:0;--awb-spacing-right-medium:2.56%;--awb-spacing-left-medium:2.56%;--awb-width-small:100%;--awb-order-small:0;--awb-spacing-right-small:1.92%;--awb-spacing-left-small:1.92%;\"><div class=\"fusion-column-wrapper fusion-column-has-shadow fusion-flex-justify-content-flex-start fusion-content-layout-column\"><div class=\"fusion-text fusion-text-1\" style=\"--awb-text-font-family:var(--awb-typography4-font-family);--awb-text-font-weight:var(--awb-typography4-font-weight);--awb-text-font-style:var(--awb-typography4-font-style);\"><p><strong class=\"inpro\">inpro<\/strong><br \/>\nInnovationsgesellschaft f\u00fcr fortgeschrittene<br \/>\nProduktionssysteme in der Fahrzeugindustrie mbH<\/p>\n<p>Steinplatz 2<br \/>\nD-10623 Berlin<\/p>\n<p>Telefon: +49 (0)30 399 97-0<br \/>\nTelefax: +49 (0)30 399 97-117<br \/>\nE-Mail: <a href=\"mailto:info@inpro.de\">info@inpro.de<\/a><\/p>\n<p>Vertreten durch:<br \/>\nDr.-Ing. Gerd E\u00dfer (Gesch\u00e4ftsf\u00fchrer)<br \/>\nDr. Marita Marx (Prokuristin)<\/p>\n<p>Aufsichtsratsvorsitzender: Dr. Martin Goede<\/p>\n<p>Sitz der Gesellschaft:<br \/>\nBerlin, Amtsgericht Berlin-Charlottenburg, HRB 21 171<\/p>\n<p>Umsatzsteueridentifikationsnummer: DE 136 629 819<\/p>\n<p>Urheberrecht: Copyright 2023 <strong class=\"inpro\">inpro<\/strong> Innovationsgesellschaft f\u00fcr fortgeschrittene Produktionssysteme in der Fahrzeugindustrie mbH. Alle Rechte vorbehalten. Alle Texte, Bilder, Grafiken und Animationsdateien unterliegen dem Urheberrecht und anderen Gesetzen zum Schutz geistigen Eigentums. Sie d\u00fcrfen weder f\u00fcr Handelszwecke oder zur Weitergabe kopiert noch ver\u00e4ndert und auf anderen Web-Sites verwendet werden.<\/p>\n<\/div><\/div><\/div><\/div><\/div>\n","protected":false},"excerpt":{"rendered":"","protected":false},"author":7,"featured_media":0,"parent":0,"menu_order":0,"comment_status":"closed","ping_status":"closed","template":"100-width.php","meta":{"footnotes":""},"class_list":["post-8000","page","type-page","status-publish","hentry"],"yoast_head":"<!-- This site is optimized with the Yoast SEO Premium plugin v27.1 (Yoast SEO v27.3) - https:\/\/yoast.com\/product\/yoast-seo-premium-wordpress\/ -->\n<title>Impressum - inpro<\/title>\n<meta name=\"robots\" content=\"index, follow, max-snippet:-1, max-image-preview:large, max-video-preview:-1\" \/>\n<link rel=\"canonical\" href=\"https:\/\/www.inpro.de\/en\/impressum\/\" \/>\n<meta property=\"og:locale\" content=\"en_US\" \/>\n<meta property=\"og:type\" content=\"article\" \/>\n<meta property=\"og:title\" content=\"Impressum\" \/>\n<meta property=\"og:url\" content=\"https:\/\/www.inpro.de\/en\/impressum\/\" \/>\n<meta property=\"og:site_name\" content=\"inpro\" \/>\n<meta property=\"article:modified_time\" content=\"2023-05-17T18:02:42+00:00\" \/>\n<meta name=\"twitter:card\" content=\"summary_large_image\" \/>\n<meta name=\"twitter:label1\" content=\"Est. reading time\" \/>\n\t<meta name=\"twitter:data1\" content=\"3 minutes\" \/>\n<script type=\"application\/ld+json\" class=\"yoast-schema-graph\">{\"@context\":\"https:\\\/\\\/schema.org\",\"@graph\":[{\"@type\":\"WebPage\",\"@id\":\"https:\\\/\\\/www.inpro.de\\\/en\\\/impressum\\\/\",\"url\":\"https:\\\/\\\/www.inpro.de\\\/en\\\/impressum\\\/\",\"name\":\"Impressum - inpro\",\"isPartOf\":{\"@id\":\"https:\\\/\\\/www.inpro.de\\\/en\\\/#website\"},\"datePublished\":\"2022-08-23T09:52:00+00:00\",\"dateModified\":\"2023-05-17T18:02:42+00:00\",\"breadcrumb\":{\"@id\":\"https:\\\/\\\/www.inpro.de\\\/en\\\/impressum\\\/#breadcrumb\"},\"inLanguage\":\"en-US\",\"potentialAction\":[{\"@type\":\"ReadAction\",\"target\":[\"https:\\\/\\\/www.inpro.de\\\/en\\\/impressum\\\/\"]}]},{\"@type\":\"BreadcrumbList\",\"@id\":\"https:\\\/\\\/www.inpro.de\\\/en\\\/impressum\\\/#breadcrumb\",\"itemListElement\":[{\"@type\":\"ListItem\",\"position\":1,\"name\":\"Startseite\",\"item\":\"https:\\\/\\\/www.inpro.de\\\/en\\\/\"},{\"@type\":\"ListItem\",\"position\":2,\"name\":\"Impressum\"}]},{\"@type\":\"WebSite\",\"@id\":\"https:\\\/\\\/www.inpro.de\\\/en\\\/#website\",\"url\":\"https:\\\/\\\/www.inpro.de\\\/en\\\/\",\"name\":\"inpro\",\"description\":\"Wir bewegen, was dich bewegt. We move what moves you.\",\"publisher\":{\"@id\":\"https:\\\/\\\/www.inpro.de\\\/en\\\/#organization\"},\"potentialAction\":[{\"@type\":\"SearchAction\",\"target\":{\"@type\":\"EntryPoint\",\"urlTemplate\":\"https:\\\/\\\/www.inpro.de\\\/en\\\/?s={search_term_string}\"},\"query-input\":{\"@type\":\"PropertyValueSpecification\",\"valueRequired\":true,\"valueName\":\"search_term_string\"}}],\"inLanguage\":\"en-US\"},{\"@type\":\"Organization\",\"@id\":\"https:\\\/\\\/www.inpro.de\\\/en\\\/#organization\",\"name\":\"inpro Innovationsgesellschaft f\u00fcr fortgeschrittene Produktionssysteme in der Fahrzeugindustrie mbH\",\"url\":\"https:\\\/\\\/www.inpro.de\\\/en\\\/\",\"logo\":{\"@type\":\"ImageObject\",\"inLanguage\":\"en-US\",\"@id\":\"https:\\\/\\\/www.inpro.de\\\/en\\\/#\\\/schema\\\/logo\\\/image\\\/\",\"url\":\"https:\\\/\\\/www.inpro.de\\\/wp-content\\\/uploads\\\/2023\\\/12\\\/inpro_Wort-Bildmarke.png\",\"contentUrl\":\"https:\\\/\\\/www.inpro.de\\\/wp-content\\\/uploads\\\/2023\\\/12\\\/inpro_Wort-Bildmarke.png\",\"width\":16448,\"height\":7096,\"caption\":\"inpro Innovationsgesellschaft f\u00fcr fortgeschrittene Produktionssysteme in der Fahrzeugindustrie mbH\"},\"image\":{\"@id\":\"https:\\\/\\\/www.inpro.de\\\/en\\\/#\\\/schema\\\/logo\\\/image\\\/\"},\"sameAs\":[\"https:\\\/\\\/de.linkedin.com\\\/company\\\/inpro-innovationsgesellschaft-f-r-fortgeschrittene-produktionssysteme-in-der-fahrzeugindustrie-mbh\",\"https:\\\/\\\/www.youtube.com\\\/channel\\\/UCTQB25gaqdeRCW5OZA5AthQ\"]}]}<\/script>\n<!-- \/ Yoast SEO Premium plugin. -->","yoast_head_json":{"title":"Impressum - inpro","robots":{"index":"index","follow":"follow","max-snippet":"max-snippet:-1","max-image-preview":"max-image-preview:large","max-video-preview":"max-video-preview:-1"},"canonical":"https:\/\/www.inpro.de\/en\/impressum\/","og_locale":"en_US","og_type":"article","og_title":"Impressum","og_url":"https:\/\/www.inpro.de\/en\/impressum\/","og_site_name":"inpro","article_modified_time":"2023-05-17T18:02:42+00:00","twitter_card":"summary_large_image","twitter_misc":{"Est. reading time":"3 minutes"},"schema":{"@context":"https:\/\/schema.org","@graph":[{"@type":"WebPage","@id":"https:\/\/www.inpro.de\/en\/impressum\/","url":"https:\/\/www.inpro.de\/en\/impressum\/","name":"Impressum - inpro","isPartOf":{"@id":"https:\/\/www.inpro.de\/en\/#website"},"datePublished":"2022-08-23T09:52:00+00:00","dateModified":"2023-05-17T18:02:42+00:00","breadcrumb":{"@id":"https:\/\/www.inpro.de\/en\/impressum\/#breadcrumb"},"inLanguage":"en-US","potentialAction":[{"@type":"ReadAction","target":["https:\/\/www.inpro.de\/en\/impressum\/"]}]},{"@type":"BreadcrumbList","@id":"https:\/\/www.inpro.de\/en\/impressum\/#breadcrumb","itemListElement":[{"@type":"ListItem","position":1,"name":"Startseite","item":"https:\/\/www.inpro.de\/en\/"},{"@type":"ListItem","position":2,"name":"Impressum"}]},{"@type":"WebSite","@id":"https:\/\/www.inpro.de\/en\/#website","url":"https:\/\/www.inpro.de\/en\/","name":"inpro","description":"Wir bewegen, was dich bewegt. We move what moves you.","publisher":{"@id":"https:\/\/www.inpro.de\/en\/#organization"},"potentialAction":[{"@type":"SearchAction","target":{"@type":"EntryPoint","urlTemplate":"https:\/\/www.inpro.de\/en\/?s={search_term_string}"},"query-input":{"@type":"PropertyValueSpecification","valueRequired":true,"valueName":"search_term_string"}}],"inLanguage":"en-US"},{"@type":"Organization","@id":"https:\/\/www.inpro.de\/en\/#organization","name":"inpro Innovationsgesellschaft f\u00fcr fortgeschrittene Produktionssysteme in der Fahrzeugindustrie mbH","url":"https:\/\/www.inpro.de\/en\/","logo":{"@type":"ImageObject","inLanguage":"en-US","@id":"https:\/\/www.inpro.de\/en\/#\/schema\/logo\/image\/","url":"https:\/\/www.inpro.de\/wp-content\/uploads\/2023\/12\/inpro_Wort-Bildmarke.png","contentUrl":"https:\/\/www.inpro.de\/wp-content\/uploads\/2023\/12\/inpro_Wort-Bildmarke.png","width":16448,"height":7096,"caption":"inpro Innovationsgesellschaft f\u00fcr fortgeschrittene Produktionssysteme in der Fahrzeugindustrie mbH"},"image":{"@id":"https:\/\/www.inpro.de\/en\/#\/schema\/logo\/image\/"},"sameAs":["https:\/\/de.linkedin.com\/company\/inpro-innovationsgesellschaft-f-r-fortgeschrittene-produktionssysteme-in-der-fahrzeugindustrie-mbh","https:\/\/www.youtube.com\/channel\/UCTQB25gaqdeRCW5OZA5AthQ"]}]}},"_links":{"self":[{"href":"https:\/\/www.inpro.de\/en\/wp-json\/wp\/v2\/pages\/8000","targetHints":{"allow":["GET"]}}],"collection":[{"href":"https:\/\/www.inpro.de\/en\/wp-json\/wp\/v2\/pages"}],"about":[{"href":"https:\/\/www.inpro.de\/en\/wp-json\/wp\/v2\/types\/page"}],"author":[{"embeddable":true,"href":"https:\/\/www.inpro.de\/en\/wp-json\/wp\/v2\/users\/7"}],"replies":[{"embeddable":true,"href":"https:\/\/www.inpro.de\/en\/wp-json\/wp\/v2\/comments?post=8000"}],"version-history":[{"count":3,"href":"https:\/\/www.inpro.de\/en\/wp-json\/wp\/v2\/pages\/8000\/revisions"}],"predecessor-version":[{"id":8003,"href":"https:\/\/www.inpro.de\/en\/wp-json\/wp\/v2\/pages\/8000\/revisions\/8003"}],"wp:attachment":[{"href":"https:\/\/www.inpro.de\/en\/wp-json\/wp\/v2\/media?parent=8000"}],"curies":[{"name":"wp","href":"https:\/\/api.w.org\/{rel}","templated":true}]}}